{"id":7,"date":"2023-03-07T15:30:21","date_gmt":"2023-03-07T14:30:21","guid":{"rendered":"http:\/\/kupujestarocie.pl\/?page_id=7"},"modified":"2023-04-28T14:53:52","modified_gmt":"2023-04-28T12:53:52","slug":"one-page-express","status":"publish","type":"page","link":"https:\/\/kupujestarocie.pl\/","title":{"rendered":"Front Page"},"content":{"rendered":"<div  id=\"overlapable-2\" style=\"background-color: #ffffff;\" data-label=\"Overlapable\" data-id=\"stripped-coloured-icon-boxes\" data-category=\"overlapable\" class=\"features-coloured-icon-boxes-section\" data-overlap=\"true\"> <div  class=\"gridContainer\"> <div  class=\"features-coloured-icon-boxes-innerrow flexbox-list dark-text\" data-type=\"row\"> <div  class=\"features-coloured-icon-boxes-featurecol cp3cols\"> <div  class=\"features-coloured-icon-boxes-iconcontainer\" data-content-item-container=\"true\"> <i  data-cp-fa=\"true\" class=\"features-coloured-icon fa fa-check\"><\/i> <\/div> <h4  class=\"\">Wyceniamy<\/h4> <p  class=\"\">Wyceniamy Pa\u0144stwa przedmioty w oparciu o rynkowe ceny i bezp\u0142atnie zapewniaj\u0105c wsparcie zaprzyja\u017anionych ekspert\u00f3w<\/p>  <\/div> <div  class=\"features-coloured-icon-boxes-featurecol cp3cols\"> <div  class=\"features-coloured-icon-boxes-iconcontainer\" data-content-item-container=\"true\"> <i  data-cp-fa=\"true\" class=\"features-coloured-icon fa fa-automobile\"><\/i> <\/div> <h4  class=\"\">Doje\u017cd\u017camy do klienta<\/h4> <p  class=\"\">W przypadku du\u017cej ilo\u015bci przedmiot\u00f3w i wi\u0119kszych gabaryt\u00f3w doje\u017cd\u017camy do klienta i zajmujemy si\u0119 transportem.<\/p>  <\/div> <div  class=\"features-coloured-icon-boxes-featurecol cp3cols\"> <div  class=\"features-coloured-icon-boxes-iconcontainer\" data-content-item-container=\"true\"> <i  data-cp-fa=\"true\" class=\"features-coloured-icon fa fa-signal\"><\/i> <\/div> <h4  class=\"\">Rynkowe wyceny<\/h4> <p  class=\"\">W oparciu o rynkowe notowania oferujemy ceny bazuj\u0105ce na faktycznej warto\u015bci przedmiot\u00f3w.<\/p>  <\/div> <div  class=\"features-coloured-icon-boxes-featurecol cp3cols\"> <div  class=\"features-coloured-icon-boxes-iconcontainer\" data-content-item-container=\"true\"> <i  data-cp-fa=\"true\" class=\"features-coloured-icon fa fa-dollar\"><\/i> <\/div> <h4  class=\"\">P\u0142acimy got\u00f3wk\u0105<\/h4> <p  class=\"\">P\u0142acimy got\u00f3wk\u0105, bez zb\u0119dnego przeci\u0105gania i niepotrzebnych formalno\u015bci. Gwarantujemy dyskrecj\u0119 podczas transakcji.<\/p>  <\/div> <\/div> <\/div><\/div><div  id=\"o-nas\" style=\"background-color: #f6f6f6;\" data-label=\"O nas\" data-id=\"about-big-images-section\" data-category=\"about\" class=\"about-big-images-section\"> <div  class=\"gridContainer\"> <div  class=\"about-big-images-textrow\"> <div  class=\"about-big-images-textcol dynamic-color\" data-type=\"column\"> <h5  class=\"\">Czemu warto z nami wsp\u00f3\u0142pracowa\u0107?<\/h5> <h3  class=\"\">Pomo\u017cemy Pa\u0144stwu profesjonalnie i uczciwie wyceni\u0107, a nast\u0119pnie korzystnie sprzeda\u0107 stare przedmioty<\/h3> <p  class=\"\">Wieloletnie do\u015bwiadczenie i du\u017ca wiedza pozwala nam zaoferowa\u0107 bardzo korzystne warunki przy zakupie starych przedmiot\u00f3w.<\/p> <a class=\"button blue big\" href=\"#features-5\" target=\"_self\" rel=\"noopener\">Sprawd\u017a teraz co kupujemy<\/a> <h3  class=\"\">Zadzwo\u0144 do nas:<\/h3><h1  class=\"\">732 138 848<\/h1><h3  class=\"\">Napisz do nas wiadomo\u015b\u0107 e-mail:<\/h3><h3  class=\"\">kontakt@kupujestarocie.pl<\/h3><\/div> <\/div> <\/div> <div  class=\"about-big-images-bottomrow\"> <div  class=\"about-big-images-leftimgcol\"><img  decoding=\"async\" class=\"about-big-images-leftimg\" src=\"http:\/\/kupujestarocie.pl\/wp-content\/uploads\/2023\/03\/bizu.jpg\" alt=\"\"> <\/div> <div  class=\"about-big-images-centerimgcol\"><img  decoding=\"async\" class=\"about-big-images-centerimg\" src=\"http:\/\/kupujestarocie.pl\/wp-content\/uploads\/2023\/03\/dokumenty1.jpg\" alt=\"\"> <\/div> <div  class=\"about-big-images-rightimgcol\"><img  decoding=\"async\" class=\"about-big-images-rightimg\" src=\"http:\/\/kupujestarocie.pl\/wp-content\/uploads\/2023\/03\/militarka01.jpg\" alt=\"\"> <\/div> <\/div> <\/div><div  data-label=\"Features\" data-id=\"features-small-icon-cards-section\" data-category=\"features\" class=\"features-small-icon-cards-section\" id=\"features-5\" style=\"background-color: rgb(246, 246, 246);\"> <div  class=\"gridContainer\"> <div  class=\"features-small-icon-cards-textrow\"> <div  class=\"features-small-icon-cards-textcol dynamic-color\" data-type=\"column\"> <h2  class=\"\">Jakie przedmioty kupujemy?<\/h2> <p  class=\"\">Pr\u00f3cz wymienionych poni\u017cej przedmiot\u00f3w kupujemy r\u00f3wnie\u017c szeroki wachlarz innych przedmiot\u00f3w. Nie musisz \u0142ama\u0107 sobie g\u0142owy \u2013 napisz do nas maila b\u0105d\u017a zadzwo\u0144, a szybko si\u0119 dowiesz czy dany przedmiot nas interesuje.<\/p> <\/div> <\/div> <div  class=\"features-small-icon-cards-featuresrow dark-text\" data-type=\"row\"> <div  class=\"features-small-icon-cards-featcol\"> <div  class=\"features-small-icon-cards-featinnerrow\"> <div  class=\"features-small-icon-cards-iconcol\"> <i  data-cp-fa=\"true\" class=\"font-icon-23 fa fa-angle-right\"><\/i> <\/div> <div  class=\"features-small-icon-cards-feattextcol\" data-type=\"column\"> <h4  class=\"\">Przedmioty kolekcjonerskie<\/h4> <p  class=\"\">Kupujemy stare monety, banknoty, medale, stare akcje, obligacje i inne przedmioty typowo kolekcjonerskie. Prosimy nie czy\u015bci\u0107 przedmiot\u00f3w przed sprzeda\u017c\u0105, gdy\u017c wp\u0142ywa to negatywnie na cen\u0119.<\/p> <img  decoding=\"async\" class=\"custom-image\" src=\"http:\/\/kupujestarocie.pl\/wp-content\/uploads\/2023\/03\/90744487_515076475819212_3228230482055397376_n-e1678202066868.jpg\" alt=\"\"><\/div> <\/div> <\/div> <div  class=\"features-small-icon-cards-featcol\"> <div  class=\"features-small-icon-cards-featinnerrow\"> <div  class=\"features-small-icon-cards-iconcol\"> <i  data-cp-fa=\"true\" class=\"font-icon-23 fa fa-angle-right\"><\/i> <\/div> <div  class=\"features-small-icon-cards-feattextcol\" data-type=\"column\"> <h4  class=\"\">Bibeloty i pami\u0105tki PRL<\/h4> <p  class=\"\">Kupujemy stare szk\u0142a, porcelan\u0119, figurki, zabawki i wi\u0119kszo\u015b\u0107 przedmiot\u00f3w jakie mo\u017cna pami\u0119ta\u0107 z czasu PRL. Ch\u0119tnie kupimy kompletne pami\u0105tki i gad\u017cety reklamowe firm z dawnych czas\u00f3w.<\/p> <img  decoding=\"async\" class=\"custom-image\" src=\"http:\/\/kupujestarocie.pl\/wp-content\/uploads\/2023\/03\/porcel1.jpg\" alt=\"\"><\/div> <\/div> <\/div> <div  class=\"features-small-icon-cards-featcol\"> <div  class=\"features-small-icon-cards-featinnerrow\"> <div  class=\"features-small-icon-cards-iconcol\"> <i  data-cp-fa=\"true\" class=\"font-icon-23 fa fa-angle-right\"><\/i> <\/div> <div  class=\"features-small-icon-cards-feattextcol\" data-type=\"column\"> <h4  class=\"\">Dzie\u0142a sztuki<\/h4> <p  class=\"\">Kupujemy dzie\u0142a sztuki zar\u00f3wno artyst\u00f3w znanych, jak i nieodkrytych. Zakupimy r\u00f3wnie\u017c prace niezidentyfikowane oraz wymagaj\u0105ce renowacji. Interesuj\u0105 nas zar\u00f3wno obrazy jak i grafiki oraz rze\u017aba.\n<\/p> <img  decoding=\"async\" class=\"custom-image\" src=\"http:\/\/kupujestarocie.pl\/wp-content\/uploads\/2023\/03\/London-Museum-by-Victoria-Heath-CC-BY-440x250-1.jpg\" alt=\"\"><\/div> <\/div> <\/div> <div  class=\"features-small-icon-cards-featcol\"> <div  class=\"features-small-icon-cards-featinnerrow\"> <div  class=\"features-small-icon-cards-iconcol\"> <i  data-cp-fa=\"true\" class=\"font-icon-23 fa fa-angle-right\"><\/i> <\/div> <div  class=\"features-small-icon-cards-feattextcol\" data-type=\"column\"> <h4  class=\"\">Bi\u017cuteria i zegarki<\/h4> <p  class=\"\">Kupujemy bi\u017cuteri\u0119, zar\u00f3wno srebrn\u0105 i z\u0142ot\u0105, jak i z materia\u0142\u00f3w nieszlachetnych oraz zegarki mechaniczne. Uczciwie wyceniamy i nie traktujemy ciekawych wyrob\u00f3w jak kawa\u0142ek metalu.<\/p> <img  decoding=\"async\" class=\"custom-image\" src=\"http:\/\/kupujestarocie.pl\/wp-content\/uploads\/2023\/03\/bizu.jpg\" alt=\"\"><\/div> <\/div> <\/div> <div  class=\"features-small-icon-cards-featcol\"> <div  class=\"features-small-icon-cards-featinnerrow\"> <div  class=\"features-small-icon-cards-iconcol\"> <i  data-cp-fa=\"true\" class=\"font-icon-23 fa fa-angle-right\"><\/i> <\/div> <div  class=\"features-small-icon-cards-feattextcol\" data-type=\"column\"> <h4  class=\"\">Stare dokumenty i zdj\u0119cia<\/h4> <p  class=\"\">Kupimy stare dokumenty, poczt\u00f3wki, zdj\u0119cia. Wi\u0119kszo\u015b\u0107 dokument\u00f3w z epoki PRL nie posiada wi\u0119kszej warto\u015bci, ale czasem niepozorny papierek mo\u017ce by\u0107 ciekawy dla kolekcjonera. Zapewniamy profesjonaln\u0105 wycen\u0119 dokument\u00f3w i fotografii, kt\u00f3re kupujemy.<\/p> <img  decoding=\"async\" class=\"custom-image\" src=\"http:\/\/kupujestarocie.pl\/wp-content\/uploads\/2023\/03\/dokumenty1.jpg\" alt=\"\"><\/div> <\/div> <\/div> <div  class=\"features-small-icon-cards-featcol\"> <div  class=\"features-small-icon-cards-featinnerrow\"> <div  class=\"features-small-icon-cards-iconcol\"> <i  data-cp-fa=\"true\" class=\"font-icon-23 fa fa-angle-right\"><\/i> <\/div> <div  class=\"features-small-icon-cards-feattextcol\" data-type=\"column\"> <h4  class=\"\">Srebra i platery<\/h4> <p  class=\"\">Kupujemy zar\u00f3wno wyroby srebrne, polskie i zagraniczne, jak i przedmioty platerowane. Wszelkie szk\u0142a i dodatki mog\u0105 by\u0107 wa\u017cne dla ceny obiektu. Prosimy nie czy\u015bci\u0107 przedmiot\u00f3w przed sprzeda\u017c\u0105, potrafi to drastycznie zmniejszy\u0107 warto\u015b\u0107 obiektu.<\/p> <img  decoding=\"async\" class=\"custom-image\" src=\"http:\/\/kupujestarocie.pl\/wp-content\/uploads\/2023\/03\/srebra.jpg\" alt=\"\"><\/div> <\/div> <\/div> <\/div> <\/div><\/div><div  id=\"cta-1\" data-label=\"Call to action\" data-id=\"cta-blue-section\" data-category=\"cta\" class=\"cta-blue-section\"> <div  class=\"gridContainer\"> <div  class=\"flexbox-list flexbox-list-align-center row\"> <div  class=\"cta-blue-textcol dynamic-color\"> <h2  class=\"cta-blue-text\"><b >Skontaktuj si\u0119 z nami ju\u017c teraz!<\/b><\/h2> <\/div> <div  class=\"cta-blue-btncol\"> <a class=\"button big yellow dark-text\" href=\"#kontakt\" target=\"_self\" rel=\"noopener\"> KONTAKT <\/a> <\/div> <\/div> <\/div> <\/div><div  data-label=\"Features\" data-id=\"features-small-image-cards-section\" data-category=\"features\" class=\"features-small-image-cards-section\" style=\"background-color: rgb(246, 246, 246);\" id=\"features-6\"> <div  class=\"gridContainer\"> <div  class=\"features-small-image-cards-textrow\"> <div  class=\"features-small-image-cards-textcol dynamic-color\" data-type=\"column\"> <h2  class=\"\">Ponadto kupujemy i wyceniamy<\/h2>  <\/div> <\/div> <div  class=\"features-small-image-cards-featrow dark-text\" data-type=\"row\"> <div  class=\"features-small-image-cards-featcol\"> <div  class=\"features-small-image-cards-featinnerrow flexbox-list\"> <div  class=\"features-small-image-cards-imgcol\" data-bg=\"image\" style=\"background-image: url(&quot;http:\/\/kupujestarocie.pl\/wp-content\/uploads\/2023\/03\/guziki3.jpg&quot;);\"><\/div> <div  class=\"features-small-image-cards-featcol-feattextcol\" data-type=\"column\"> <h4  class=\"heading103\">Militaria, bro\u0144 i przedmioty zwi\u0105zane z wojskiem<\/h4> <p  class=\"\">Wszelkie przedmioty wojskowe i zwi\u0105zane z wojskowo\u015bci\u0105. Medale i odznaczenia, ale r\u00f3wnie\u017c wyposa\u017cenie i umundurowanie. Kupimy zar\u00f3wno przedmioty dawne, jak i z epoki PRL oraz zagraniczne.<\/p> <hr  class=\"features-small-image-cards-separator\"> <\/div> <\/div> <\/div> <div  class=\"features-small-image-cards-featcol\"> <div  class=\"features-small-image-cards-featinnerrow flexbox-list\"> <div  class=\"features-small-image-cards-imgcol\" data-bg=\"image\" style=\"background-image: url(&quot;http:\/\/kupujestarocie.pl\/wp-content\/uploads\/2023\/03\/szklomale.jpg&quot;);\"><\/div> <div  class=\"features-small-image-cards-featcol-feattextcol\" data-type=\"column\"> <h4  class=\"heading103\">Kolorowe i ciekawe szk\u0142a i porcelan\u0119<\/h4> <p  class=\"\">Ciekawe i niecodzienne szk\u0142a, szczeg\u00f3lnie egzemplarze o interesuj\u0105cych formach. Prosimy o uwa\u017cny transport- uszkodzenie przek\u0142ada si\u0119 na znaczny spadek warto\u015bci obiektu.<\/p> <hr  class=\"features-small-image-cards-separator\"> <\/div> <\/div> <\/div> <div  class=\"features-small-image-cards-featcol\"> <div  class=\"features-small-image-cards-featinnerrow flexbox-list\"> <div  class=\"features-small-image-cards-imgcol\" data-bg=\"image\" style=\"background-image: url(&quot;http:\/\/kupujestarocie.pl\/wp-content\/uploads\/2023\/03\/knigimale.jpg&quot;);\"><\/div> <div  class=\"features-small-image-cards-featcol-feattextcol\" data-type=\"column\"> <h4  class=\"heading103\">Ksi\u0105\u017cki przed 1939 rokiem i ksi\u0105\u017cki o tematyce kolekcjonerskiej<\/h4> <p  class=\"\">Kupimy ciekawe wydawnictwa przedwojenne i katalogi, albumy oraz inne wydawnictwa powi\u0105zane ze sztuk\u0105, numizmatyk\u0105, archeologi\u0105 oraz innymi dziedzinami historii oraz kolekcjonerstwa.&nbsp;<\/p> <hr  class=\"features-small-image-cards-separator\"> <\/div> <\/div> <\/div> <div  class=\"features-small-image-cards-featcol\"> <div  class=\"features-small-image-cards-featinnerrow flexbox-list\"> <div  class=\"features-small-image-cards-imgcol\" data-bg=\"image\" style=\"background-image: url(&quot;http:\/\/kupujestarocie.pl\/wp-content\/uploads\/2023\/03\/tools-awl-pliers-antique-preview-1.jpg&quot;);\"><\/div> <div  class=\"features-small-image-cards-featcol-feattextcol\" data-type=\"column\"> <h4  class=\"heading103\">Stare narz\u0119dzia i zabytki techniki<\/h4> <p  class=\"\">Kupujemy stare narz\u0119dzia i przedmioty techniczne- wagi, urz\u0105dzenia miernicze i tym podobne. Szczeg\u00f3lnie zainteresowani jeste\u015bmy narz\u0119dziami i ca\u0142ymi&nbsp; warsztatami jubilerskimi i z\u0142otniczymi, jak i narz\u0119dziami przed 1939 rokiem.\n<br >Zapraszamy do kontaktu.<\/p> <hr  class=\"features-small-image-cards-separator\"> <\/div> <\/div> <\/div> <\/div> <\/div><\/div><div  id=\"tresc\" style=\"background-color: #ffffff;\" data-label=\"Tresc\" data-id=\"content-image-left\" data-category=\"content\" class=\"content-left-image-section\"> <div  class=\"gridContainer\"> <div  class=\"row\"> <div  class=\"content-left-image-imgcol\" data-type=\"column\"> <img  decoding=\"async\" src=\"http:\/\/kupujestarocie.pl\/wp-content\/uploads\/2023\/03\/Handshake_duisenberg_school_of_finance-scaled.jpg\" class=\"\" alt=\"\"> <\/div> <div  class=\"content-left-image-textcol dynamic-color\" data-type=\"column\"> <h2  class=\"\">Mo\u017cna na nas polega\u0107!<\/h2> <p  class=\"large_text\">Najwy\u017cej cenimy budowanie relacji z klientem opartej na wzajemnej satysfakcji. Gwarantujemy komfortowe i satysfakcjonuj\u0105ce warunki wsp\u00f3\u0142pracy. Przekonaj si\u0119 o tym sam!<\/p>  <\/div> <\/div> <\/div> <\/div><div  id=\"tresc-1\" style=\"background-color: #f6f6f6;\" data-label=\"Tresc\" data-id=\"content-image-right\" data-category=\"content\" class=\"content-right-image-section\"> <div  class=\"gridContainer\"> <div  class=\"content-right-image-gridcol\"> <div  class=\"content-right-image-textcol dynamic-color\" data-type=\"column\"> <h2  class=\"\">Kompleksowe us\u0142ugi<\/h2> <p  class=\"large_text\"> Pomagamy opr\u00f3\u017cnia\u0107 mieszkania, kupujemy pojedyncze przedmioty i ca\u0142e zbiory na got\u00f3wk\u0119. Gwarantujemy, \u017ce b\u0119d\u0105 Pa\u0144stwo zadowoleni z naszych us\u0142ug. Pr\u00f3cz naszego do\u015bwiadczenia oferujemy Pa\u0144stwu r\u00f3wnie\u017c wsparcie ca\u0142ej grupy wsp\u00f3\u0142pracuj\u0105cych z nami ekspert\u00f3w.<\/p>  <\/div> <div  class=\"content-right-image-imgcol\" data-type=\"column\"> <img  decoding=\"async\" src=\"http:\/\/kupujestarocie.pl\/wp-content\/plugins\/one-page-express-companion\/theme-data\/one-page-express\/sections\/images\/project1.jpg\" class=\"\"> <\/div> <\/div> <\/div> <\/div><div  data-label=\"Content\" data-id=\"content-full-left-image-section\" data-category=\"content\" class=\"content-full-left-image-section\" id=\"content-1\" style=\"background-color: rgb(246, 246, 246);\"> <div  class=\"content-full-left-image-innerrow\"> <div  data-bg=\"image\" class=\"content-full-left-image-imgcol\" style=\"background-image: url(&quot;http:\/\/kupujestarocie.pl\/wp-content\/uploads\/2023\/03\/Regiony_Kondrackiego-hipsometria.png&quot;);\"><\/div> <div  class=\"content-full-left-image-textcol dynamic-color\"> <div  data-type=\"column\" class=\"\">  <h2  class=\"\">Gdzie dzia\u0142amy?<\/h2> <p  class=\"\">Dzia\u0142amy g\u0142\u00f3wnie w Warszawie, lecz cz\u0119sto podr\u00f3\u017cujemy po ca\u0142ej Polsce. W przypadku du\u017cych zbior\u00f3w i ciekawych obiekt\u00f3w jeste\u015bmy w stanie przemierzy\u0107 dla Pa\u0144stwa nawet bardzo znaczne odleg\u0142o\u015bci.<br >Prosimy o kontakt, ka\u017cdorazowo jeste\u015bmy w stanie ustali\u0107 terminy i warunki naszej wizyty tak, by by\u0142o to dla Pa\u0144stwa jak najbardziej korzystne i wygodne.\n<br >Wi\u0119kszo\u015b\u0107 przedmiot\u00f3w jeste\u015bmy w stanie wyceni\u0107 na miejscu, jednak\u017ce niekt\u00f3re obiekty, najcz\u0119\u015bciej bardzo nietypowe lub bardzo rzadkie wymagaj\u0105 indywidualnej wyceny b\u0105d\u017a konsultacji ze specjalistami. W takich przypadkach warunki wsp\u00f3\u0142pracy ustalamy indywidualnie z Pa\u0144stwem.\n<br >Posiadamy r\u00f3wnie\u017c lokal na warszawskiej Saskiej K\u0119pie, gdzie mo\u017cemy si\u0119 z Pa\u0144stwem spotka\u0107 i dokona\u0107 transakcji. Zach\u0119camy do wcze\u015bniejszego umawiania si\u0119, ze wzgl\u0119du na aktywny wyjazdowy tryb pracy naszej firmy.<\/p> <\/div> <div  class=\"content-full-left-image-featuresrow\"> <div  class=\"content-full-left-image-featurescol\" data-type=\"column\"><i  class=\"fa cp-icon fa3 fa-car\"><\/i>     <\/div> <div  class=\"content-full-left-image-featurescol\" data-type=\"column\"><i  class=\"fa cp-icon fa3 fa-plane\"><\/i>     <\/div> <\/div> <\/div> <\/div><\/div><div  id=\"kontakt\" data-label=\"Kontakt\" data-id=\"contact-section\" data-category=\"contact\" data-bg=\"transparent\" class=\"contact-section-formsection white-text\"> <div  class=\"gridContainer\"> <div  class=\"row_224\"> <div  class=\"contact-textrow\"> <div  class=\"contact-textcol dynamic-color\"> <h2  class=\"\">Skontaktuj si\u0119 z nami ju\u017c teraz!<br >Telefon:&nbsp;732 138 848<br >E-mail:<br >kontakt@<br >kupujestarocie.pl<\/h2> <p  class=\"white_text\">Pr\u00f3cz podanego wy\u017cej e-maila i telefonu kom\u00f3rkowego mo\u017cliwy jest r\u00f3wnie\u017c kontakt przez poni\u017cszy formularz:<\/p> <\/div> <\/div> <\/div> <div  class=\"contact-formcol\" data-content-shortcode=\"one_page_express_contact_form shortcode=&quot;contact-form-7 id=&amp;amp;quot;29&amp;amp;quot; title=&amp;amp;quot;Formularz 1&amp;amp;quot;&quot;\" data-editable=\"true\">\n<div class=\"wpcf7 no-js\" id=\"wpcf7-f29-o1\" lang=\"pl-PL\" dir=\"ltr\" data-wpcf7-id=\"29\">\n<div class=\"screen-reader-response\"><p role=\"status\" aria-live=\"polite\" aria-atomic=\"true\"><\/p> <ul><\/ul><\/div>\n<form action=\"\/index.php?rest_route=%2Fwp%2Fv2%2Fpages%2F7#wpcf7-f29-o1\" method=\"post\" class=\"wpcf7-form init\" aria-label=\"Formularz kontaktowy\" novalidate=\"novalidate\" data-status=\"init\">\n<div style=\"display: none;\">\n<input type=\"hidden\" name=\"_wpcf7\" value=\"29\" \/>\n<input type=\"hidden\" name=\"_wpcf7_version\" value=\"6.0.6\" \/>\n<input type=\"hidden\" name=\"_wpcf7_locale\" value=\"pl_PL\" \/>\n<input type=\"hidden\" name=\"_wpcf7_unit_tag\" value=\"wpcf7-f29-o1\" \/>\n<input type=\"hidden\" name=\"_wpcf7_container_post\" value=\"0\" \/>\n<input type=\"hidden\" name=\"_wpcf7_posted_data_hash\" value=\"\" \/>\n<\/div>\n<p><label> Twoje imi\u0119 i nazwisko<br \/>\n<span class=\"wpcf7-form-control-wrap\" data-name=\"your-name\"><input size=\"40\" maxlength=\"400\" class=\"wpcf7-form-control wpcf7-text wpcf7-validates-as-required\" autocomplete=\"name\" aria-required=\"true\" aria-invalid=\"false\" value=\"\" type=\"text\" name=\"your-name\" \/><\/span> <\/label>\n<\/p>\n<p><label> Tw\u00f3j adres e-mail<br \/>\n<span class=\"wpcf7-form-control-wrap\" data-name=\"your-email\"><input size=\"40\" maxlength=\"400\" class=\"wpcf7-form-control wpcf7-email wpcf7-validates-as-required wpcf7-text wpcf7-validates-as-email\" autocomplete=\"email\" aria-required=\"true\" aria-invalid=\"false\" value=\"\" type=\"email\" name=\"your-email\" \/><\/span> <\/label>\n<\/p>\n<p><label> Temat<br \/>\n<span class=\"wpcf7-form-control-wrap\" data-name=\"your-subject\"><input size=\"40\" maxlength=\"400\" class=\"wpcf7-form-control wpcf7-text wpcf7-validates-as-required\" aria-required=\"true\" aria-invalid=\"false\" value=\"\" type=\"text\" name=\"your-subject\" \/><\/span> <\/label>\n<\/p>\n<p><label> Twoja wiadomo\u015bci (opcjonalne)<br \/>\n<span class=\"wpcf7-form-control-wrap\" data-name=\"your-message\"><textarea cols=\"40\" rows=\"10\" maxlength=\"2000\" class=\"wpcf7-form-control wpcf7-textarea\" aria-invalid=\"false\" name=\"your-message\"><\/textarea><\/span> <\/label>\n<\/p>\n<p><input class=\"wpcf7-form-control wpcf7-submit has-spinner\" type=\"submit\" value=\"Wy\u015blij\" \/>\n<\/p><p style=\"display: none !important;\" class=\"akismet-fields-container\" data-prefix=\"_wpcf7_ak_\"><label>&#916;<textarea name=\"_wpcf7_ak_hp_textarea\" cols=\"45\" rows=\"8\" maxlength=\"100\"><\/textarea><\/label><input type=\"hidden\" id=\"ak_js_1\" name=\"_wpcf7_ak_js\" value=\"99\"\/><script>document.getElementById( \"ak_js_1\" ).setAttribute( \"value\", ( new Date() ).getTime() );<\/script><\/p><div class=\"wpcf7-response-output\" aria-hidden=\"true\"><\/div>\n<\/form>\n<\/div>\n<\/div> <\/div><\/div>","protected":false},"excerpt":{"rendered":"<p>Wyceniamy Wyceniamy Pa\u0144stwa przedmioty w oparciu o rynkowe ceny i bezp\u0142atnie zapewniaj\u0105c wsparcie zaprzyja\u017anionych ekspert\u00f3w Doje\u017cd\u017camy do klienta W przypadku du\u017cej ilo\u015bci przedmiot\u00f3w i wi\u0119kszych gabaryt\u00f3w doje\u017cd\u017camy do klienta i zajmujemy si\u0119 transportem. Rynkowe wyceny W oparciu o rynkowe notowania oferujemy ceny bazuj\u0105ce na faktycznej warto\u015bci przedmiot\u00f3w. P\u0142acimy got\u00f3wk\u0105 P\u0142acimy got\u00f3wk\u0105, bez zb\u0119dnego przeci\u0105gania i&hellip; <br \/> <a class=\"button small blue\" href=\"https:\/\/kupujestarocie.pl\/?p=1\">Czytaj dalej<\/a><\/p>\n","protected":false},"author":1,"featured_media":0,"parent":0,"menu_order":0,"comment_status":"closed","ping_status":"closed","template":"","meta":{"om_disable_all_campaigns":false,"_monsterinsights_skip_tracking":false,"_monsterinsights_sitenote_active":false,"_monsterinsights_sitenote_note":"","_monsterinsights_sitenote_category":0,"footnotes":""},"class_list":["post-7","page","type-page","status-publish","hentry"],"aioseo_notices":[],"_links":{"self":[{"href":"https:\/\/kupujestarocie.pl\/index.php?rest_route=\/wp\/v2\/pages\/7","targetHints":{"allow":["GET"]}}],"collection":[{"href":"https:\/\/kupujestarocie.pl\/index.php?rest_route=\/wp\/v2\/pages"}],"about":[{"href":"https:\/\/kupujestarocie.pl\/index.php?rest_route=\/wp\/v2\/types\/page"}],"author":[{"embeddable":true,"href":"https:\/\/kupujestarocie.pl\/index.php?rest_route=\/wp\/v2\/users\/1"}],"replies":[{"embeddable":true,"href":"https:\/\/kupujestarocie.pl\/index.php?rest_route=%2Fwp%2Fv2%2Fcomments&post=7"}],"version-history":[{"count":15,"href":"https:\/\/kupujestarocie.pl\/index.php?rest_route=\/wp\/v2\/pages\/7\/revisions"}],"predecessor-version":[{"id":66,"href":"https:\/\/kupujestarocie.pl\/index.php?rest_route=\/wp\/v2\/pages\/7\/revisions\/66"}],"wp:attachment":[{"href":"https:\/\/kupujestarocie.pl\/index.php?rest_route=%2Fwp%2Fv2%2Fmedia&parent=7"}],"curies":[{"name":"wp","href":"https:\/\/api.w.org\/{rel}","templated":true}]}}